{"id":142,"date":"2024-07-05T22:38:30","date_gmt":"2024-07-05T22:38:30","guid":{"rendered":"https:\/\/barbara.zihrweb.eu\/?page_id=142"},"modified":"2025-09-07T19:20:19","modified_gmt":"2025-09-07T19:20:19","slug":"otok-vir","status":"publish","type":"page","link":"https:\/\/www.barbara-apartmaji.com\/de\/otok-vir\/","title":{"rendered":"Insel Vir"},"content":{"rendered":"<div data-colibri-id=\"142-c1\" class=\"style-407 style-local-142-c1 position-relative\">\n  <!---->\n  <div data-colibri-component=\"section\" data-colibri-id=\"142-c2\" id=\"about\" class=\"h-section h-section-global-spacing d-flex align-items-lg-center align-items-md-center align-items-center style-412 style-local-142-c2 position-relative\">\n    <!---->\n    <!---->\n    <div class=\"h-section-grid-container h-section-boxed-container\">\n      <!---->\n      <div data-colibri-id=\"142-c3\" class=\"h-row-container gutters-row-lg-0 gutters-row-md-0 gutters-row-0 gutters-row-v-lg-0 gutters-row-v-md-0 gutters-row-v-0 style-413 style-local-142-c3 position-relative\">\n        <!---->\n        <div class=\"h-row justify-content-lg-center justify-content-md-center justify-content-center align-items-lg-stretch align-items-md-stretch align-items-stretch gutters-col-lg-0 gutters-col-md-0 gutters-col-0 gutters-col-v-lg-0 gutters-col-v-md-0 gutters-col-v-0\">\n          <!---->\n          <div class=\"h-column h-column-container d-flex h-col-lg-auto h-col-md-auto h-col-auto style-414-outer style-local-142-c4-outer\">\n            <div data-colibri-id=\"142-c4\" class=\"d-flex h-flex-basis h-column__inner h-px-lg-0 h-px-md-0 h-px-0 v-inner-lg-0 v-inner-md-0 v-inner-0 style-414 style-local-142-c4 position-relative\">\n              <!---->\n              <!---->\n              <div class=\"w-100 h-y-container h-column__content h-column__v-align flex-basis-100 align-self-lg-start align-self-md-start align-self-start\">\n                <!---->\n                <div data-colibri-id=\"142-c5\" class=\"h-global-transition-all h-heading style-440 style-local-142-c5 position-relative h-element\">\n                  <!---->\n                  <div class=\"h-heading__outer style-440 style-local-142-c5\">\n                    <!---->\n                    <!---->\n                    <h2 class=\"\">\u00dcber die Insel&nbsp;<em style=\"font-family: Alegreya;\">Vir<\/em><\/h2>\n                  <\/div>\n                <\/div>\n                <div data-colibri-id=\"142-c6\" class=\"h-text h-text-component style-417 style-local-142-c6 position-relative h-element\">\n                  <!---->\n                  <!---->\n                  <div class=\"\">\n                    <p>Die Insel Vir ist eine der 300 Inseln des Archipels von Zadar oder eine der 1.186 Inseln in der kroatischen Adria. Die 26 km von Zadar entfernte Insel verf\u00fcgt \u00fcber eine abwechslungsreiche K\u00fcste mit kleinen Buchten, Landzungen und wilden Felsstr\u00e4nden, die unvergessliche Eindr\u00fccke bieten.\n                      Die Insel bietet unvergessliche Ausblicke auf die Adria. Die vielen Str\u00e4nde der Insel bieten eine Vielzahl von Aktivit\u00e4ten, die viele Touristen anlocken. Restaurants, Caf\u00e9s mit Terrassen, Tavernen, Diskotheken, lokale Folklore und verschiedene Gesch\u00e4fte, eine Klinik, eine Apotheke, ein Postamt,\n                      Das Fremdenverkehrsb\u00fcro, die Wechselstube, der Bootsverleih, der sehr reichhaltige gr\u00fcne Markt und die Fischgesch\u00e4fte verleihen der Insel ihre Attraktivit\u00e4t und Qualit\u00e4t.<\/p>\n                  <\/div>\n                <\/div>\n              <\/div>\n            <\/div>\n          <\/div>\n          <div class=\"h-column h-column-container d-flex h-col-lg-auto h-col-md-auto h-col-auto style-418-outer style-local-142-c7-outer\">\n            <div data-colibri-id=\"142-c7\" class=\"d-flex h-flex-basis h-column__inner h-ui-empty-state-container h-px-lg-2 h-px-md-2 h-px-2 v-inner-lg-2 v-inner-md-2 v-inner-2 style-418 style-local-142-c7 position-relative\">\n              <!---->\n              <!---->\n              <div class=\"w-100 h-y-container h-column__content h-column__v-align flex-basis-100\">\n                <!---->\n              <\/div>\n            <\/div>\n          <\/div>\n        <\/div>\n      <\/div>\n    <\/div>\n  <\/div>\n  <div data-colibri-component=\"section\" data-colibri-id=\"142-c8\" id=\"about-2\" class=\"h-section h-section-global-spacing d-flex align-items-lg-center align-items-md-center align-items-center style-419 style-local-142-c8 position-relative\">\n    <!---->\n    <!---->\n    <div class=\"h-section-grid-container h-section-boxed-container\">\n      <!---->\n      <div data-colibri-id=\"142-c9\" class=\"h-row-container gutters-row-lg-0 gutters-row-md-0 gutters-row-0 gutters-row-v-lg-0 gutters-row-v-md-0 gutters-row-v-0 style-420 style-local-142-c9 position-relative\">\n        <!---->\n        <div class=\"h-row justify-content-lg-center justify-content-md-center justify-content-center align-items-lg-stretch align-items-md-stretch align-items-stretch gutters-col-lg-0 gutters-col-md-0 gutters-col-0 gutters-col-v-lg-0 gutters-col-v-md-0 gutters-col-v-0\">\n          <!---->\n          <div class=\"h-column h-column-container d-flex h-col-lg-auto h-col-md-auto h-col-auto style-421-outer style-local-142-c10-outer\">\n            <div data-colibri-id=\"142-c10\" class=\"d-flex h-flex-basis h-column__inner h-ui-empty-state-container h-px-lg-0 h-px-md-0 h-px-0 v-inner-lg-0 v-inner-md-0 v-inner-0 style-421 style-local-142-c10 position-relative\">\n              <!---->\n              <!---->\n              <div class=\"w-100 h-y-container h-column__content h-column__v-align flex-basis-100\">\n                <!---->\n              <\/div>\n            <\/div>\n          <\/div>\n          <div class=\"h-column h-column-container d-flex h-col-lg-auto h-col-md-auto h-col-auto style-422-outer style-local-142-c11-outer\">\n            <div data-colibri-id=\"142-c11\" class=\"d-flex h-flex-basis h-column__inner h-px-lg-2 h-px-md-2 h-px-2 v-inner-lg-2 v-inner-md-2 v-inner-2 style-422 style-local-142-c11 position-relative\">\n              <!---->\n              <!---->\n              <div class=\"w-100 h-y-container h-column__content h-column__v-align flex-basis-100 align-self-lg-start align-self-md-start align-self-start\">\n                <!---->\n                <div data-colibri-id=\"142-c12\" class=\"h-global-transition-all h-heading style-424 style-local-142-c12 position-relative h-element\">\n                  <!---->\n                  <div class=\"h-heading__outer style-424 style-local-142-c12\">\n                    <!---->\n                    <!---->\n                    <h2 class=\"\">Tourismus auf&nbsp;<em style=\"font-family: Alegreya;\">Vir<\/em> <\/h2>\n                  <\/div>\n                <\/div>\n                <div data-colibri-id=\"142-c13\" class=\"h-text h-text-component style-425 style-local-142-c13 position-relative h-element\">\n                  <!---->\n                  <!---->\n                  <div class=\"\">\n                    <p>Die Insel Vir ist ein Beispiel f\u00fcr eine hervorragende Verwaltung eines Reiseziels. Sie ist ein Mekka f\u00fcr Familienurlaube mit \u00fcberwiegend privaten Unterk\u00fcnften und zieht jedes Jahr mehr Besucher an. Die Vorteile sind zahlreich, um nur einige zu nennen:<\/p>\n                    <p>Sehr sch\u00f6ne, \u00fcberwiegend sandige und felsige Str\u00e4nde, teilweise inmitten von Pinienhainen gelegen, mit kristallklarem Meer, ideal f\u00fcr Familienurlaub.<\/p>\n                    <p>Mit fast 2450 Sonnenstunden im Jahr, was fast 300 Sonnentagen entspricht, k\u00f6nnen die Touristen auch au\u00dferhalb der Hochsaison einen sch\u00f6nen Urlaub genie\u00dfen.<\/p>\n                    <p>Zahlreiche Buchten mit Hafen und Ankerplatz erm\u00f6glichen es den Seglern, auf dem Weg zu einer Kette von 300 Inseln und Inselchen anzulanden, zu denen auch der Nationalpark Kornati geh\u00f6rt. Neben Schwimmen, Surfen, Segeln, Scooterfahren\n                      und anderen Wassersportaktivit\u00e4ten k\u00f6nnen Wanderer den Panoramablick vom Gipfel des Bandira (112 m) bewundern, der die gesamte Insel Vir, die benachbarten Inseln und den Velebit (1750 m) umfasst.<\/p>\n                  <\/div>\n                <\/div>\n              <\/div>\n            <\/div>\n          <\/div>\n        <\/div>\n      <\/div>\n    <\/div>\n  <\/div>\n  <div data-colibri-component=\"section\" data-colibri-id=\"142-c14\" id=\"about-3\" class=\"h-section h-section-global-spacing d-flex align-items-lg-center align-items-md-center align-items-center style-426 style-local-142-c14 position-relative\">\n    <!---->\n    <!---->\n    <div class=\"h-section-grid-container h-section-boxed-container\">\n      <!---->\n      <div data-colibri-id=\"142-c15\" class=\"h-row-container gutters-row-lg-0 gutters-row-md-0 gutters-row-0 gutters-row-v-lg-0 gutters-row-v-md-0 gutters-row-v-0 style-427 style-local-142-c15 position-relative\">\n        <!---->\n        <div class=\"h-row justify-content-lg-center justify-content-md-center justify-content-center align-items-lg-stretch align-items-md-stretch align-items-stretch gutters-col-lg-0 gutters-col-md-0 gutters-col-0 gutters-col-v-lg-0 gutters-col-v-md-0 gutters-col-v-0\">\n          <!---->\n          <div class=\"h-column h-column-container d-flex h-col-lg-auto h-col-md-auto h-col-auto style-428-outer style-local-142-c16-outer\">\n            <div data-colibri-id=\"142-c16\" class=\"d-flex h-flex-basis h-column__inner h-px-lg-0 h-px-md-0 h-px-0 v-inner-lg-0 v-inner-md-0 v-inner-0 style-428 style-local-142-c16 position-relative\">\n              <!---->\n              <!---->\n              <div class=\"w-100 h-y-container h-column__content h-column__v-align flex-basis-100 align-self-lg-start align-self-md-start align-self-start\">\n                <!---->\n                <div data-colibri-id=\"142-c17\" class=\"h-global-transition-all h-heading style-430 style-local-142-c17 position-relative h-element\">\n                  <!---->\n                  <div class=\"h-heading__outer style-430 style-local-142-c17\">\n                    <!---->\n                    <!---->\n                    <h2 class=\"\">Aktiv&nbsp;<span style=\"font-family: Alegreya;\">Urlaub<\/span><\/h2>\n                  <\/div>\n                <\/div>\n                <div data-colibri-id=\"142-c18\" class=\"h-text h-text-component style-431 style-local-142-c18 position-relative h-element\">\n                  <!---->\n                  <!---->\n                  <div class=\"\">\n                    <p>Die Insel ist sehr gut auf Wanderer und Radfahrer eingestellt. Zahlreiche Rad- und Wanderwege und Aussichtspunkte durchziehen die Insel und bieten malerische Ausblicke auf die Insel, das Meer und die umliegenden Inseln.<\/p>\n                    <p>Dank seiner idealen Lage an der Adria ist Vir ein hervorragender Ausgangspunkt f\u00fcr Ausfl\u00fcge in die Nationalparks Paklenica mit seinen wundersch\u00f6nen Schluchten, Kornati mit seinen 200 Inseln und Inselchen, Krka-Wasserf\u00e4lle und Plitvicer Seen.<\/p>\n                    <p>Die alte kroatische K\u00f6nigsstadt Nin, in der sich die kleinste Kathedrale der Insel - die Heilig-Kreuz-Kathedrale - befindet, und das 3000 Jahre alte Zadar mit seinen zahlreichen historischen Sehensw\u00fcrdigkeiten sind ebenfalls nicht weit entfernt.\n                      <br>\n                    <\/p>\n                  <\/div>\n                <\/div>\n              <\/div>\n            <\/div>\n          <\/div>\n          <div class=\"h-column h-column-container d-flex h-col-lg-auto h-col-md-auto h-col-auto style-432-outer style-local-142-c19-outer\">\n            <div data-colibri-id=\"142-c19\" class=\"d-flex h-flex-basis h-column__inner h-ui-empty-state-container h-px-lg-2 h-px-md-2 h-px-2 v-inner-lg-2 v-inner-md-2 v-inner-2 style-432 style-local-142-c19 position-relative\">\n              <!---->\n              <!---->\n              <div class=\"w-100 h-y-container h-column__content h-column__v-align flex-basis-100\">\n                <!---->\n              <\/div>\n            <\/div>\n          <\/div>\n        <\/div>\n      <\/div>\n    <\/div>\n  <\/div>\n  <div data-colibri-component=\"section\" data-colibri-id=\"142-c20\" id=\"about-4\" class=\"h-section h-section-global-spacing d-flex align-items-lg-center align-items-md-center align-items-center style-433 style-local-142-c20 position-relative\">\n    <!---->\n    <!---->\n    <div class=\"h-section-grid-container h-section-boxed-container\">\n      <!---->\n      <div data-colibri-id=\"142-c21\" class=\"h-row-container gutters-row-lg-0 gutters-row-md-0 gutters-row-0 gutters-row-v-lg-0 gutters-row-v-md-0 gutters-row-v-0 style-434 style-local-142-c21 position-relative\">\n        <!---->\n        <div class=\"h-row justify-content-lg-center justify-content-md-center justify-content-center align-items-lg-stretch align-items-md-stretch align-items-stretch gutters-col-lg-0 gutters-col-md-0 gutters-col-0 gutters-col-v-lg-0 gutters-col-v-md-0 gutters-col-v-0\">\n          <!---->\n          <div class=\"h-column h-column-container d-flex h-col-lg-auto h-col-md-auto h-col-auto style-435-outer style-local-142-c22-outer\">\n            <div data-colibri-id=\"142-c22\" class=\"d-flex h-flex-basis h-column__inner h-ui-empty-state-container h-px-lg-0 h-px-md-0 h-px-0 v-inner-lg-0 v-inner-md-0 v-inner-0 style-435 style-local-142-c22 position-relative\">\n              <!---->\n              <!---->\n              <div class=\"w-100 h-y-container h-column__content h-column__v-align flex-basis-100\">\n                <!---->\n              <\/div>\n            <\/div>\n          <\/div>\n          <div class=\"h-column h-column-container d-flex h-col-lg-auto h-col-md-auto h-col-auto style-436-outer style-local-142-c23-outer\">\n            <div data-colibri-id=\"142-c23\" class=\"d-flex h-flex-basis h-column__inner h-px-lg-2 h-px-md-2 h-px-2 v-inner-lg-2 v-inner-md-2 v-inner-2 style-436 style-local-142-c23 position-relative\">\n              <!---->\n              <!---->\n              <div class=\"w-100 h-y-container h-column__content h-column__v-align flex-basis-100 align-self-lg-start align-self-md-start align-self-start\">\n                <!---->\n                <div data-colibri-id=\"142-c24\" class=\"h-global-transition-all h-heading style-438 style-local-142-c24 position-relative h-element\">\n                  <!---->\n                  <div class=\"h-heading__outer style-438 style-local-142-c24\">\n                    <!---->\n                    <!---->\n                    <h2 class=\"\">Verkehrsanbindung<\/h2>\n                  <\/div>\n                <\/div>\n                <div data-colibri-id=\"142-c25\" class=\"h-text h-text-component style-439 style-local-142-c25 position-relative h-element\">\n                  <!---->\n                  <!---->\n                  <div class=\"\">\n                    <p>Hervorragende Verkehrsanbindungen auf dem See-, Luft- und Stra\u00dfenweg erleichtern Ihnen die Anreise. Au\u00dferdem gibt es eine regelm\u00e4\u00dfige Busverbindung nach Zadar und Zagreb.<\/p>\n                  <\/div>\n                <\/div>\n              <\/div>\n            <\/div>\n          <\/div>\n        <\/div>\n      <\/div>\n    <\/div>\n  <\/div>\n  <div data-colibri-component=\"section\" data-colibri-id=\"142-c26\" id=\"reusable-sections\" class=\"h-section h-section-global-spacing d-flex align-items-lg-center align-items-md-center align-items-center style-1696 style-local-142-c26 position-relative\">\n    <div class=\"background-wrapper\">\n      <div class=\"background-layer background-layer-media-container-lg\">\n        <div data-enabled=\"true\" data-colibri-component=\"parallax\" class=\"background-layer paraxify\" model-id=\"142-c26\" media=\"desktop\" is-preview=\"true\" style=\"background-image: url(&quot;https:\/\/www.barbara-apartmaji.com\/wp-content\/uploads\/2025\/09\/apartmaji_aerial.jpg&quot;);\"><\/div>\n        <div class=\"overlay-layer\">\n          <div class=\"overlay-image-layer\" style=\"background-color: rgb(230, 230, 230); opacity: 0.5;\"><\/div>\n        <\/div>\n      <\/div>\n      <div class=\"background-layer background-layer-media-container-md\">\n        <!---->\n        <div class=\"overlay-layer\">\n          <div class=\"overlay-image-layer\" style=\"background-color: rgb(230, 230, 230); opacity: 0.5;\"><\/div>\n        <\/div>\n      <\/div>\n      <div class=\"background-layer background-layer-media-container\">\n        <!---->\n        <div class=\"overlay-layer\">\n          <div class=\"overlay-image-layer\" style=\"background-color: rgb(230, 230, 230); opacity: 0.5;\"><\/div>\n        <\/div>\n      <\/div>\n    <\/div>\n    <!---->\n    <div class=\"h-section-grid-container h-section-boxed-container\">\n      <!---->\n      <div data-colibri-id=\"142-c27\" class=\"h-row-container gutters-row-lg-0 gutters-row-md-0 gutters-row-0 gutters-row-v-lg-0 gutters-row-v-md-0 gutters-row-v-0 style-1697 style-local-142-c27 position-relative\">\n        <!---->\n        <div class=\"h-row justify-content-lg-center justify-content-md-center justify-content-center align-items-lg-stretch align-items-md-stretch align-items-stretch gutters-col-lg-0 gutters-col-md-0 gutters-col-0 gutters-col-v-lg-0 gutters-col-v-md-0 gutters-col-v-0\">\n          <!---->\n          <div class=\"h-column h-column-container d-flex h-col-lg-auto h-col-md-auto h-col-auto style-1698-outer style-local-142-c28-outer\">\n            <div data-colibri-id=\"142-c28\" class=\"d-flex h-flex-basis h-column__inner h-px-lg-0 h-px-md-0 h-px-0 v-inner-lg-0 v-inner-md-0 v-inner-0 style-1698 style-local-142-c28 position-relative\">\n              <!---->\n              <!---->\n              <div class=\"w-100 h-y-container h-column__content h-column__v-align flex-basis-100 align-self-lg-start align-self-md-start align-self-start\">\n                <!---->\n                <div data-colibri-id=\"142-c29\" class=\"h-global-transition-all h-heading style-1699 style-local-142-c29 position-relative h-element\">\n                  <!---->\n                  <div class=\"h-heading__outer style-1699 style-local-142-c29\">\n                    <!---->\n                    <!---->\n                    <h2 class=\"\">Ihr perfekter Urlaub beginnt hier.<\/h2>\n                  <\/div>\n                <\/div>\n                <div data-colibri-id=\"142-c30\" class=\"h-icon style-1700 style-local-142-c30 position-relative h-element\">\n                  <!----><span class=\"h-svg-icon h-icon__icon style-1700-icon style-local-142-c30-icon\"><!--Icon by Font Awesome (https:\/\/fontawesome.com)-->\n    <svg version=\"1.1\" xmlns=\"http:\/\/www.w3.org\/2000\/svg\" xmlns:xlink=\"http:\/\/www.w3.org\/1999\/xlink\" id=\"paper-plane\" viewbox=\"0 0 1792.0013 1896.0833\">\n      <path d=\"M1764 11q33 24 27 64l-256 1536q-5 29-32 45-14 8-31 8-11 0-24-5l-453-185-242 295q-18 23-49 23-13 0-22-4-19-7-30.5-23.5T640 1728v-349l864-1059-1069 925-395-162q-37-14-40-55-2-40 32-59L1696 9q15-9 32-9 20 0 36 11z\"><\/path>\n    <\/svg><\/span><\/div>\n                <div data-colibri-id=\"142-c31\" class=\"h-text h-text-component style-1701 style-local-142-c31 position-relative h-element\">\n                  <!---->\n                  <!---->\n                  <div class=\"\">\n                    <p>Obi\u0161\u010dite otok Vir na Hrva\u0161kem in raziskujte njegove pla\u017ee, naravo in dalmatinski utrip. Za spro\u0161\u010dene po\u010ditnice si oglejte na\u0161e Barbara apartmaje v neposredni bli\u017eini pla\u017ee Jadro.<\/p>\n                  <\/div>\n                <\/div>\n              <\/div>\n            <\/div>\n          <\/div>\n          <div class=\"h-column h-column-container d-flex h-col-lg-auto h-col-md-auto h-col-auto style-1702-outer style-local-142-c32-outer\">\n            <div data-colibri-id=\"142-c32\" class=\"d-flex h-flex-basis h-column__inner h-px-lg-0 h-px-md-0 h-px-0 v-inner-lg-0 v-inner-md-0 v-inner-0 style-1702 style-local-142-c32 position-relative\">\n              <!---->\n              <!---->\n              <div class=\"w-100 h-y-container h-column__content h-column__v-align flex-basis-100 align-self-lg-start align-self-md-start align-self-start\">\n                <!---->\n                <div data-colibri-id=\"142-c33\" class=\"h-x-container style-1703 style-local-142-c33 position-relative h-element\">\n                  <!---->\n                  <div class=\"h-x-container-inner style-dynamic-142-c33-group style-1703-spacing style-local-142-c33-spacing\"><span class=\"h-button__outer style-1704-outer style-local-142-c34-outer d-inline-flex h-element\"><a h-use-smooth-scroll=\"true\" href=\"https:\/\/www.barbara-apartmaji.com\/de\/apartmaji\/\"  data-colibri-id=\"142-c34\" class=\"d-flex w-100 align-items-center h-button justify-content-lg-center justify-content-md-center justify-content-center style-1704 style-local-142-c34 position-relative\"><!----><!----> <span>Apartments ansehen<\/span><\/a>\n                    <\/span>\n                  <\/div>\n                <\/div>\n              <\/div>\n            <\/div>\n          <\/div>\n        <\/div>\n      <\/div>\n    <\/div>\n  <\/div>\n<\/div>","protected":false},"excerpt":{"rendered":"<p>O otoku&nbsp;Viru Otok Vir je eden od 300 otokov Zadarskega arhipelaga oziroma eden od 1186 otokov hrva\u0161kega Jadrana. Od Zadra je oddaljen 26 km, obala otoka je zelo raznolika z manj\u0161imi zaliv\u010dki, rti in divjimi kamnitimi pla\u017eami, kar ponuja nepozabne poglede na Jadransko morje. \u0160tevilne pla\u017ee na otoku imajo raznovrstno ponudbo, kar privla\u010di \u0161tevilne turiste. [&hellip;]<\/p>","protected":false},"author":1,"featured_media":0,"parent":0,"menu_order":0,"comment_status":"closed","ping_status":"closed","template":"page-templates\/full-width-page.php","meta":{"footnotes":""},"class_list":["post-142","page","type-page","status-publish","hentry"],"_links":{"self":[{"href":"https:\/\/www.barbara-apartmaji.com\/de\/wp-json\/wp\/v2\/pages\/142","targetHints":{"allow":["GET"]}}],"collection":[{"href":"https:\/\/www.barbara-apartmaji.com\/de\/wp-json\/wp\/v2\/pages"}],"about":[{"href":"https:\/\/www.barbara-apartmaji.com\/de\/wp-json\/wp\/v2\/types\/page"}],"author":[{"embeddable":true,"href":"https:\/\/www.barbara-apartmaji.com\/de\/wp-json\/wp\/v2\/users\/1"}],"replies":[{"embeddable":true,"href":"https:\/\/www.barbara-apartmaji.com\/de\/wp-json\/wp\/v2\/comments?post=142"}],"version-history":[{"count":0,"href":"https:\/\/www.barbara-apartmaji.com\/de\/wp-json\/wp\/v2\/pages\/142\/revisions"}],"wp:attachment":[{"href":"https:\/\/www.barbara-apartmaji.com\/de\/wp-json\/wp\/v2\/media?parent=142"}],"curies":[{"name":"wp","href":"https:\/\/api.w.org\/{rel}","templated":true}]}}