{"id":148,"date":"2024-07-05T22:39:13","date_gmt":"2024-07-05T22:39:13","guid":{"rendered":"https:\/\/barbara.zihrweb.eu\/?page_id=148"},"modified":"2025-09-01T18:49:53","modified_gmt":"2025-09-01T18:49:53","slug":"hisni-red","status":"publish","type":"page","link":"https:\/\/www.barbara-apartmaji.com\/de\/hisni-red\/","title":{"rendered":"Hausordnung"},"content":{"rendered":"<div data-colibri-id=\"148-c1\" class=\"style-361 style-local-148-c1 position-relative\">\n  <!---->\n  <div data-colibri-component=\"section\" data-colibri-id=\"148-c2\" id=\"custom\" class=\"h-section h-section-global-spacing d-flex align-items-lg-center align-items-md-center align-items-center style-362 style-local-148-c2 position-relative\">\n    <!---->\n    <!---->\n    <div class=\"h-section-grid-container h-section-boxed-container\">\n      <!---->\n      <div data-colibri-id=\"148-c3\" class=\"h-row-container gutters-row-lg-2 gutters-row-md-2 gutters-row-0 gutters-row-v-lg-2 gutters-row-v-md-2 gutters-row-v-2 style-363 style-local-148-c3 position-relative\">\n        <!---->\n        <div class=\"h-row justify-content-lg-center justify-content-md-center justify-content-center align-items-lg-stretch align-items-md-stretch align-items-stretch gutters-col-lg-2 gutters-col-md-2 gutters-col-0 gutters-col-v-lg-2 gutters-col-v-md-2 gutters-col-v-2\">\n          <!---->\n          <div class=\"h-column h-column-container d-flex h-col-lg-auto h-col-md-auto h-col-auto style-364-outer style-local-148-c4-outer\">\n            <div data-colibri-id=\"148-c4\" class=\"d-flex h-flex-basis h-column__inner h-px-lg-2 h-px-md-2 h-px-2 v-inner-lg-2 v-inner-md-2 v-inner-2 style-364 style-local-148-c4 position-relative\">\n              <!---->\n              <!---->\n              <div class=\"w-100 h-y-container h-column__content h-column__v-align flex-basis-100 align-self-lg-start align-self-md-start align-self-start\">\n                <!---->\n                <div data-colibri-id=\"148-c5\" class=\"h-text h-text-component style-365 style-local-148-c5 position-relative h-element\">\n                  <!---->\n                  <!---->\n                  <div class=\"\">\n                    <p><strong style=\"font-weight: 700; font-size: 110%;\">Da bi vam zagotovili kar najbolj prijetno bivanje in prepre\u010dili morebitne nesporazume, vas prosimo, da se seznanite s hi\u0161nim redom.<\/strong><\/p>\n                    <ol>\n                      <li>Ob prihodu lastniku oziroma oskrbniku izro\u010dite dokumente, da opravi prijavo gosta. Turisti\u010dna taksa zna\u0161a 1,50 \u20ac na dan za odraslo osebo, otroci do 12 let so opro\u0161\u010deni takse, mladostniki od 12 do 18 let pla\u010dajo polovico, kar zna\u0161a\n                        0,75 \u20ac na dan.<\/li>\n                      <li>Lastnik oziroma poobla\u0161\u010dena oseba za apartmaje vam je za vse informacije in pomo\u010d, ki jo potrebujete, na razpolago ves \u010das bivanja.<\/li>\n                      <li>Ob prihodu gost prejme klju\u010de apartmaja. Popis celotnega inventarja, ki se nahaja v apartmaju, je v prilogi. Gost odgovarja, da je stanje inventarja ob odhodu povsem enako, prav tako odgovarja za klju\u010de. V primeru da ob prihodu v\n                        apartma opazite kakr\u0161no koli po\u0161kodbo ali napako, jo \u010dim prej prijavite lastniku, da se ta odpravi.<\/li>\n                      <li>Prosimo vas, da skrbite za apartma in skrbno ravnate s pohi\u0161tvom in opremo v notranjosti apartmaja in izven objekta. Ni dovoljeno preme\u0161\u010danje pohi\u0161tva med prostori ter odna\u0161anje notranje opreme in posode v druge apartmaje, izven\n                        objekta ali na pla\u017eo.<\/li>\n                      <li>Gostje so odgovorni za red in \u010disto\u010do v apartmaju. Lastnik ni dol\u017ean \u010distiti in pospravljati apartmaja v \u010dasu bivanja gostov, kakor tudi ne odna\u0161ati smeti iz apartmaja. Zabojnik za smeti se nahaja pred hi\u0161o.<\/li>\n                      <li>Brisa\u010de, kuhinjske krpe, toaletni papir, higienske potreb\u0161\u010dine, sredstva za \u010di\u0161\u010denje in pranje posode si gostje zagotovijo sami.<\/li>\n                      <li>Po dogovoru z upravljalcem apartmajev lahko uporabljate kamin\/\u017ear na zadnji strani apartmajske hi\u0161e. Po uporabi gost poskrbi za pospravljanje in \u010di\u0161\u010denje (apartma zapusti v \u010distem stanju).<\/li>\n                      <li>Gostje so dol\u017eni sami skrbeti za svoje stvari in dragocenosti, ki jih pustijo v apartmaju. Lastnik ne odgovarja za izgubljene ali pogre\u0161ane stvari. Ko odhajate iz apartmaja, zaklenite vrata.<\/li>\n                      <li>Strogo prepovedano je povzro\u010danje hrupa v \u010dasu no\u010dnega po\u010ditka od 22. do 8. ure zjutraj.<\/li>\n                      <li>Upravljalec v odsotnosti gosta nima pravice vstopa v apartma. Izjemo predstavljajo posebne okoli\u0161\u010dine, zaradi katerih je vanj nujno potrebno vstopiti, da bi prepre\u010dili \u0161kodo ali nevarnost. O svojem vstopu je upravljalec dol\u017ean obvestiti\n                        goste ob prvem naslednjem sre\u010danju. V primeru upravi\u010denega suma upravljalca, da je bila povzro\u010dena \u0161koda, so gostje dol\u017eni lastniku omogo\u010diti vstop v apartma, da bi preveril stanje.<\/li>\n                      <li>Za vzdr\u017eevanje ustrezne temperature in zagotavljanje zdravega bivanja vam priporo\u010damo, da klimatsko napravo nastavite na temperaturo 23 do 24 stopinj Celzija in poskrbite, da so okna zasen\u010dena, da prepre\u010dite vstop svetlobe in s tem\n                        vro\u010dine v prostor. Klimatske naprave ne uporabljajte pri odprtih vratih in oknih, saj se njen u\u010dinek izni\u010di. Ko zapustite apartma, izklju\u010dite razsvetljavo, elektri\u010dne aparate, plinske instalacije in zaprite pipe.<\/li>\n                      <li>Prosimo vas za gospodarno rabo vode in lo\u010deno zbiranje plastenk, s \u010dimer bomo pripomogli k zmanj\u0161anju obremenitve okolja.<\/li>\n                      <li>Kajenje v apartmajih ni dovoljeno.<\/li>\n                      <li>Prosimo, da za hlajenje hrane in napitkov ne uporabljate teko\u010de vode (saj ni dovolj hladna, da bi lahko ohladila pija\u010do, poleg tega pa se dr\u017eimo gospodarne rabe vode). Prav tako je prepovedano metanje odpadkov v sanitarije, umivalnike\n                        in druga mesta, ki niso predvidena za te namene.<\/li>\n                      <li>Na dan odhoda morate zapustiti apartma do 10. ure, da bi ga lahko o\u010distili in pripravili za druge goste, ki prihajajo za vami in imajo pravico prihoda ob 14. uri.<\/li>\n                      <li>Apartma, ki ste ga najeli, morate zapustiti v tak\u0161nem stanju, kakr\u0161en je bil ob va\u0161em prihodu \u2013 urejenega in nepo\u0161kodovanega. Gost, ki namerno ali nehote povzro\u010di okvaro ali \u0161kodo na premo\u017eenju, bo moral lastniku poravnati celotni\n                        znesek nastale \u0161kode.<\/li>\n                      <li>S pri\u010detkom uporabe apartmaja se upo\u0161teva, da je gost seznanjen s hi\u0161nim redom in da pristaja na obveznosti in pogoje, ki so v njem navedeni. Reklamacije bomo obravnavali le, \u010de bodo prijavljene v \u010dasu bivanja. Naknadnih reklamacij\n                        ne upo\u0161tevamo.<\/li>\n                    <\/ol>\n                    <p>\n                      <br>\n                    <\/p>\n                  <\/div>\n                <\/div>\n              <\/div>\n            <\/div>\n          <\/div>\n        <\/div>\n      <\/div>\n    <\/div>\n  <\/div>\n  <div data-colibri-component=\"section\" data-colibri-id=\"148-c6\" id=\"content-2\" class=\"h-section h-section-global-spacing d-flex align-items-lg-center align-items-md-center align-items-center style-377 style-local-148-c6 position-relative\">\n    <!---->\n    <!---->\n    <div class=\"h-section-grid-container h-section-boxed-container\">\n      <!---->\n      <div data-colibri-id=\"148-c7\" class=\"h-row-container gutters-row-lg-2 gutters-row-md-2 gutters-row-2 gutters-row-v-lg-2 gutters-row-v-md-2 gutters-row-v-2 style-378 style-local-148-c7 position-relative\">\n        <!---->\n        <div class=\"h-row justify-content-lg-center justify-content-md-center justify-content-center align-items-lg-stretch align-items-md-stretch align-items-stretch gutters-col-lg-2 gutters-col-md-2 gutters-col-2 gutters-col-v-lg-2 gutters-col-v-md-2 gutters-col-v-2\">\n          <!---->\n          <div class=\"h-column h-column-container d-flex h-col-lg-auto h-col-md-auto h-col-auto style-379-outer style-local-148-c8-outer\">\n            <div data-colibri-id=\"148-c8\" class=\"d-flex h-flex-basis h-column__inner h-px-lg-0 h-px-md-0 h-px-0 v-inner-lg-0 v-inner-md-0 v-inner-0 style-379 style-local-148-c8 position-relative\">\n              <!---->\n              <!---->\n              <div class=\"w-100 h-y-container h-column__content h-column__v-align flex-basis-100 align-self-lg-center align-self-md-center align-self-center\">\n                <!---->\n                <div data-colibri-id=\"148-c9\" class=\"h-lead h-text h-text-component style-376 style-local-148-c9 position-relative h-element\">\n                  <!---->\n                  <!---->\n                  <div class=\"\">\n                    <p>\u017delimo vam prijetno bivanje v na\u0161ih apartmajih in na<\/p>\n                  <\/div>\n                <\/div>\n                <div data-colibri-id=\"148-c10\" class=\"h-global-transition-all h-heading style-373 style-local-148-c10 position-relative h-element\">\n                  <!---->\n                  <div class=\"h-heading__outer style-373 style-local-148-c10\">\n                    <!---->\n                    <!---->\n                    <h2 class=\"\">Viru, <span class=\"fancy-title-headline d-inline-flex\"><span class=\"text-wrapper-fancy\"><span class=\"text-animation-fancy bring-to-front\">otoku dobrega po\u010dutja<\/span>\n                      <svg xmlns=\"http:\/\/www.w3.org\/2000\/svg\" viewbox=\"0 0 500 150\" preserveaspectratio=\"none\">\n                        <path d=\"M7.7,145.6C109,125,299.9,116.2,401,121.3c42.1,2.2,87.6,11.8,87.3,25.7\"><\/path>\n                      <\/svg>\n                      <\/span>\n                      <\/span>\n                    <\/h2>\n                  <\/div>\n                <\/div>\n                <div data-colibri-id=\"148-c11\" class=\"h-lead h-text h-text-component style-374 style-local-148-c11 position-relative h-element\">\n                  <!---->\n                  <!---->\n                  <div class=\"\">\n                    <p>Wohnungen Barbara<\/p>\n                  <\/div>\n                <\/div>\n              <\/div>\n            <\/div>\n          <\/div>\n          <div class=\"h-column h-column-container d-flex h-col-lg-auto h-col-md-auto h-col-auto style-391-outer style-local-148-c12-outer\">\n            <div data-colibri-id=\"148-c12\" class=\"d-flex h-flex-basis h-column__inner h-ui-empty-state-container h-px-lg-0 h-px-md-0 h-px-0 v-inner-lg-0 v-inner-md-0 v-inner-0 style-391 style-local-148-c12 position-relative\">\n              <!---->\n              <!---->\n              <div class=\"w-100 h-y-container h-column__content h-column__v-align flex-basis-100\">\n                <!---->\n              <\/div>\n            <\/div>\n          <\/div>\n        <\/div>\n      <\/div>\n    <\/div>\n  <\/div>\n<\/div>","protected":false},"excerpt":{"rendered":"<p>Da bi vam zagotovili kar najbolj prijetno bivanje in prepre\u010dili morebitne nesporazume, vas prosimo, da se seznanite s hi\u0161nim redom. Ob prihodu lastniku oziroma oskrbniku izro\u010dite dokumente, da opravi prijavo gosta. Turisti\u010dna taksa zna\u0161a 1,50 \u20ac na dan za odraslo osebo, otroci do 12 let so opro\u0161\u010deni takse, mladostniki od 12 do 18 let pla\u010dajo [&hellip;]<\/p>","protected":false},"author":1,"featured_media":0,"parent":0,"menu_order":0,"comment_status":"closed","ping_status":"closed","template":"page-templates\/full-width-page.php","meta":{"footnotes":""},"class_list":["post-148","page","type-page","status-publish","hentry"],"_links":{"self":[{"href":"https:\/\/www.barbara-apartmaji.com\/de\/wp-json\/wp\/v2\/pages\/148","targetHints":{"allow":["GET"]}}],"collection":[{"href":"https:\/\/www.barbara-apartmaji.com\/de\/wp-json\/wp\/v2\/pages"}],"about":[{"href":"https:\/\/www.barbara-apartmaji.com\/de\/wp-json\/wp\/v2\/types\/page"}],"author":[{"embeddable":true,"href":"https:\/\/www.barbara-apartmaji.com\/de\/wp-json\/wp\/v2\/users\/1"}],"replies":[{"embeddable":true,"href":"https:\/\/www.barbara-apartmaji.com\/de\/wp-json\/wp\/v2\/comments?post=148"}],"version-history":[{"count":0,"href":"https:\/\/www.barbara-apartmaji.com\/de\/wp-json\/wp\/v2\/pages\/148\/revisions"}],"wp:attachment":[{"href":"https:\/\/www.barbara-apartmaji.com\/de\/wp-json\/wp\/v2\/media?parent=148"}],"curies":[{"name":"wp","href":"https:\/\/api.w.org\/{rel}","templated":true}]}}