{"id":142,"date":"2024-07-05T22:38:30","date_gmt":"2024-07-05T22:38:30","guid":{"rendered":"https:\/\/barbara.zihrweb.eu\/?page_id=142"},"modified":"2025-09-07T19:20:19","modified_gmt":"2025-09-07T19:20:19","slug":"otok-vir","status":"publish","type":"page","link":"https:\/\/www.barbara-apartmaji.com\/hr\/otok-vir\/","title":{"rendered":"Otok Vir"},"content":{"rendered":"<div data-colibri-id=\"142-c1\" class=\"style-407 style-local-142-c1 position-relative\">\n  <!---->\n  <div data-colibri-component=\"section\" data-colibri-id=\"142-c2\" id=\"about\" class=\"h-section h-section-global-spacing d-flex align-items-lg-center align-items-md-center align-items-center style-412 style-local-142-c2 position-relative\">\n    <!---->\n    <!---->\n    <div class=\"h-section-grid-container h-section-boxed-container\">\n      <!---->\n      <div data-colibri-id=\"142-c3\" class=\"h-row-container gutters-row-lg-0 gutters-row-md-0 gutters-row-0 gutters-row-v-lg-0 gutters-row-v-md-0 gutters-row-v-0 style-413 style-local-142-c3 position-relative\">\n        <!---->\n        <div class=\"h-row justify-content-lg-center justify-content-md-center justify-content-center align-items-lg-stretch align-items-md-stretch align-items-stretch gutters-col-lg-0 gutters-col-md-0 gutters-col-0 gutters-col-v-lg-0 gutters-col-v-md-0 gutters-col-v-0\">\n          <!---->\n          <div class=\"h-column h-column-container d-flex h-col-lg-auto h-col-md-auto h-col-auto style-414-outer style-local-142-c4-outer\">\n            <div data-colibri-id=\"142-c4\" class=\"d-flex h-flex-basis h-column__inner h-px-lg-0 h-px-md-0 h-px-0 v-inner-lg-0 v-inner-md-0 v-inner-0 style-414 style-local-142-c4 position-relative\">\n              <!---->\n              <!---->\n              <div class=\"w-100 h-y-container h-column__content h-column__v-align flex-basis-100 align-self-lg-start align-self-md-start align-self-start\">\n                <!---->\n                <div data-colibri-id=\"142-c5\" class=\"h-global-transition-all h-heading style-440 style-local-142-c5 position-relative h-element\">\n                  <!---->\n                  <div class=\"h-heading__outer style-440 style-local-142-c5\">\n                    <!---->\n                    <!---->\n                    <h2 class=\"\">O otoku&nbsp;<em style=\"font-family: Alegreya;\">Viru<\/em><\/h2>\n                  <\/div>\n                <\/div>\n                <div data-colibri-id=\"142-c6\" class=\"h-text h-text-component style-417 style-local-142-c6 position-relative h-element\">\n                  <!---->\n                  <!---->\n                  <div class=\"\">\n                    <p>Otok Vir je jedan od 300 otoka zadarskog arhipelaga, odnosno jedan od 1186 otoka hrvatskog Jadrana. Udaljen je 26 km od Zadra, obala otoka je vrlo raznolika s malim uvalama, rtovima i divljim stjenovitim pla\u017eama, koje pru\u017eaju nezaboravne poglede na Jadransko more. Brojne pla\u017ee na otoku imaju raznoliku ponudu, \u0161to privla\u010di brojne turiste. Restorani, kafi\u0107i s terasama, konobe, diskoteke, lokalni folklor i razne trgovine, ambulanta, ljekarna, po\u0161ta, turisti\u010dka agencija, mjenja\u010dnica, najam brodova, vrlo bogata zelena tr\u017enica i ribarnice daju otoku njegovu atraktivnost i kvalitetu.<\/p>\n                  <\/div>\n                <\/div>\n              <\/div>\n            <\/div>\n          <\/div>\n          <div class=\"h-column h-column-container d-flex h-col-lg-auto h-col-md-auto h-col-auto style-418-outer style-local-142-c7-outer\">\n            <div data-colibri-id=\"142-c7\" class=\"d-flex h-flex-basis h-column__inner h-ui-empty-state-container h-px-lg-2 h-px-md-2 h-px-2 v-inner-lg-2 v-inner-md-2 v-inner-2 style-418 style-local-142-c7 position-relative\">\n              <!---->\n              <!---->\n              <div class=\"w-100 h-y-container h-column__content h-column__v-align flex-basis-100\">\n                <!---->\n              <\/div>\n            <\/div>\n          <\/div>\n        <\/div>\n      <\/div>\n    <\/div>\n  <\/div>\n  <div data-colibri-component=\"section\" data-colibri-id=\"142-c8\" id=\"about-2\" class=\"h-section h-section-global-spacing d-flex align-items-lg-center align-items-md-center align-items-center style-419 style-local-142-c8 position-relative\">\n    <!---->\n    <!---->\n    <div class=\"h-section-grid-container h-section-boxed-container\">\n      <!---->\n      <div data-colibri-id=\"142-c9\" class=\"h-row-container gutters-row-lg-0 gutters-row-md-0 gutters-row-0 gutters-row-v-lg-0 gutters-row-v-md-0 gutters-row-v-0 style-420 style-local-142-c9 position-relative\">\n        <!---->\n        <div class=\"h-row justify-content-lg-center justify-content-md-center justify-content-center align-items-lg-stretch align-items-md-stretch align-items-stretch gutters-col-lg-0 gutters-col-md-0 gutters-col-0 gutters-col-v-lg-0 gutters-col-v-md-0 gutters-col-v-0\">\n          <!---->\n          <div class=\"h-column h-column-container d-flex h-col-lg-auto h-col-md-auto h-col-auto style-421-outer style-local-142-c10-outer\">\n            <div data-colibri-id=\"142-c10\" class=\"d-flex h-flex-basis h-column__inner h-ui-empty-state-container h-px-lg-0 h-px-md-0 h-px-0 v-inner-lg-0 v-inner-md-0 v-inner-0 style-421 style-local-142-c10 position-relative\">\n              <!---->\n              <!---->\n              <div class=\"w-100 h-y-container h-column__content h-column__v-align flex-basis-100\">\n                <!---->\n              <\/div>\n            <\/div>\n          <\/div>\n          <div class=\"h-column h-column-container d-flex h-col-lg-auto h-col-md-auto h-col-auto style-422-outer style-local-142-c11-outer\">\n            <div data-colibri-id=\"142-c11\" class=\"d-flex h-flex-basis h-column__inner h-px-lg-2 h-px-md-2 h-px-2 v-inner-lg-2 v-inner-md-2 v-inner-2 style-422 style-local-142-c11 position-relative\">\n              <!---->\n              <!---->\n              <div class=\"w-100 h-y-container h-column__content h-column__v-align flex-basis-100 align-self-lg-start align-self-md-start align-self-start\">\n                <!---->\n                <div data-colibri-id=\"142-c12\" class=\"h-global-transition-all h-heading style-424 style-local-142-c12 position-relative h-element\">\n                  <!---->\n                  <div class=\"h-heading__outer style-424 style-local-142-c12\">\n                    <!---->\n                    <!---->\n                    <h2 class=\"\">Turizam na&nbsp;<em style=\"font-family: Alegreya;\">Viru<\/em> <\/h2>\n                  <\/div>\n                <\/div>\n                <div data-colibri-id=\"142-c13\" class=\"h-text h-text-component style-425 style-local-142-c13 position-relative h-element\">\n                  <!---->\n                  <!---->\n                  <div class=\"\">\n                    <p>Otok Vir je primjer izvrsnog upravljanja turisti\u010dkom destinacijom. Kao meka za obiteljski odmor, s prete\u017eno privatnim smje\u0161tajem, svake godine privla\u010di sve vi\u0161e posjetitelja. Prednosti su brojne, navest \u0107emo samo neke od njih:<\/p>\n                    <p>Vrlo lijepe, uglavnom pje\u0161\u010dane i stjenovite pla\u017ee, dijelom smje\u0161tene uz borove \u0161ume s kristalno \u010distim morem, idealne za obiteljski odmor.<\/p>\n                    <p>Gotovo 2.450 sun\u010danih sati godi\u0161nje, \u0161to predstavlja gotovo 300 sun\u010danih dana, omogu\u0107uje turistima povoljan odmor i izvan glavne sezone.<\/p>\n                    <p>Brojni zaljevi i uvale s lukama i sidri\u0161tima pru\u017eaju mjesto za pristajanje nauti\u010darima na putu do lanca od 300 otoka i oto\u010di\u0107a, me\u0111u kojima je i Nacionalni park Kornati. Osim plivanja, surfanja, jedrenja, vo\u017enje jet skijem i drugih vodenih sportova, ljubitelji planinarenja mogu se diviti veli\u010danstvenom panoramskom pogledu s vrha Bandire (112 m), koji obuhva\u0107a cijeli otok Vir, obli\u017enje otoke i Velebit (1750 m).<\/p>\n                  <\/div>\n                <\/div>\n              <\/div>\n            <\/div>\n          <\/div>\n        <\/div>\n      <\/div>\n    <\/div>\n  <\/div>\n  <div data-colibri-component=\"section\" data-colibri-id=\"142-c14\" id=\"about-3\" class=\"h-section h-section-global-spacing d-flex align-items-lg-center align-items-md-center align-items-center style-426 style-local-142-c14 position-relative\">\n    <!---->\n    <!---->\n    <div class=\"h-section-grid-container h-section-boxed-container\">\n      <!---->\n      <div data-colibri-id=\"142-c15\" class=\"h-row-container gutters-row-lg-0 gutters-row-md-0 gutters-row-0 gutters-row-v-lg-0 gutters-row-v-md-0 gutters-row-v-0 style-427 style-local-142-c15 position-relative\">\n        <!---->\n        <div class=\"h-row justify-content-lg-center justify-content-md-center justify-content-center align-items-lg-stretch align-items-md-stretch align-items-stretch gutters-col-lg-0 gutters-col-md-0 gutters-col-0 gutters-col-v-lg-0 gutters-col-v-md-0 gutters-col-v-0\">\n          <!---->\n          <div class=\"h-column h-column-container d-flex h-col-lg-auto h-col-md-auto h-col-auto style-428-outer style-local-142-c16-outer\">\n            <div data-colibri-id=\"142-c16\" class=\"d-flex h-flex-basis h-column__inner h-px-lg-0 h-px-md-0 h-px-0 v-inner-lg-0 v-inner-md-0 v-inner-0 style-428 style-local-142-c16 position-relative\">\n              <!---->\n              <!---->\n              <div class=\"w-100 h-y-container h-column__content h-column__v-align flex-basis-100 align-self-lg-start align-self-md-start align-self-start\">\n                <!---->\n                <div data-colibri-id=\"142-c17\" class=\"h-global-transition-all h-heading style-430 style-local-142-c17 position-relative h-element\">\n                  <!---->\n                  <div class=\"h-heading__outer style-430 style-local-142-c17\">\n                    <!---->\n                    <!---->\n                    <h2 class=\"\">Aktivan&nbsp;<span style=\"font-family: Alegreya;\">pauza<\/span><\/h2>\n                  <\/div>\n                <\/div>\n                <div data-colibri-id=\"142-c18\" class=\"h-text h-text-component style-431 style-local-142-c18 position-relative h-element\">\n                  <!---->\n                  <!---->\n                  <div class=\"\">\n                    <p>Otok je vrlo dobro opremljen za planinare i bicikliste. Brojne biciklisti\u010dke i pje\u0161a\u010dke staze i vidikovci, koji su razasuti po cijelom otoku, nude slikovite poglede na otok, more i okolne otoke.<\/p>\n                    <p>Zbog svog idealnog polo\u017eaja na Jadranu, Vir je izvrsna polazna to\u010dka za izlete u nacionalne parkove: Paklenicu s prekrasnim kanjonima, Kornate s 200 otoka i oto\u010di\u0107a, Slapove Krke i Plitvi\u010dka jezera.<\/p>\n                    <p>U neposrednoj blizini nalazi se i drevni hrvatski kraljevski grad Nin, koji se mo\u017ee pohvaliti najmanjom katedralom na svijetu \u2013 Svetim Kri\u017eem, te 3000 godina stari Zadar s brojnim povijesnim znamenitostima.\n                      <br>\n                    <\/p>\n                  <\/div>\n                <\/div>\n              <\/div>\n            <\/div>\n          <\/div>\n          <div class=\"h-column h-column-container d-flex h-col-lg-auto h-col-md-auto h-col-auto style-432-outer style-local-142-c19-outer\">\n            <div data-colibri-id=\"142-c19\" class=\"d-flex h-flex-basis h-column__inner h-ui-empty-state-container h-px-lg-2 h-px-md-2 h-px-2 v-inner-lg-2 v-inner-md-2 v-inner-2 style-432 style-local-142-c19 position-relative\">\n              <!---->\n              <!---->\n              <div class=\"w-100 h-y-container h-column__content h-column__v-align flex-basis-100\">\n                <!---->\n              <\/div>\n            <\/div>\n          <\/div>\n        <\/div>\n      <\/div>\n    <\/div>\n  <\/div>\n  <div data-colibri-component=\"section\" data-colibri-id=\"142-c20\" id=\"about-4\" class=\"h-section h-section-global-spacing d-flex align-items-lg-center align-items-md-center align-items-center style-433 style-local-142-c20 position-relative\">\n    <!---->\n    <!---->\n    <div class=\"h-section-grid-container h-section-boxed-container\">\n      <!---->\n      <div data-colibri-id=\"142-c21\" class=\"h-row-container gutters-row-lg-0 gutters-row-md-0 gutters-row-0 gutters-row-v-lg-0 gutters-row-v-md-0 gutters-row-v-0 style-434 style-local-142-c21 position-relative\">\n        <!---->\n        <div class=\"h-row justify-content-lg-center justify-content-md-center justify-content-center align-items-lg-stretch align-items-md-stretch align-items-stretch gutters-col-lg-0 gutters-col-md-0 gutters-col-0 gutters-col-v-lg-0 gutters-col-v-md-0 gutters-col-v-0\">\n          <!---->\n          <div class=\"h-column h-column-container d-flex h-col-lg-auto h-col-md-auto h-col-auto style-435-outer style-local-142-c22-outer\">\n            <div data-colibri-id=\"142-c22\" class=\"d-flex h-flex-basis h-column__inner h-ui-empty-state-container h-px-lg-0 h-px-md-0 h-px-0 v-inner-lg-0 v-inner-md-0 v-inner-0 style-435 style-local-142-c22 position-relative\">\n              <!---->\n              <!---->\n              <div class=\"w-100 h-y-container h-column__content h-column__v-align flex-basis-100\">\n                <!---->\n              <\/div>\n            <\/div>\n          <\/div>\n          <div class=\"h-column h-column-container d-flex h-col-lg-auto h-col-md-auto h-col-auto style-436-outer style-local-142-c23-outer\">\n            <div data-colibri-id=\"142-c23\" class=\"d-flex h-flex-basis h-column__inner h-px-lg-2 h-px-md-2 h-px-2 v-inner-lg-2 v-inner-md-2 v-inner-2 style-436 style-local-142-c23 position-relative\">\n              <!---->\n              <!---->\n              <div class=\"w-100 h-y-container h-column__content h-column__v-align flex-basis-100 align-self-lg-start align-self-md-start align-self-start\">\n                <!---->\n                <div data-colibri-id=\"142-c24\" class=\"h-global-transition-all h-heading style-438 style-local-142-c24 position-relative h-element\">\n                  <!---->\n                  <div class=\"h-heading__outer style-438 style-local-142-c24\">\n                    <!---->\n                    <!---->\n                    <h2 class=\"\">Prometne veze<\/h2>\n                  <\/div>\n                <\/div>\n                <div data-colibri-id=\"142-c25\" class=\"h-text h-text-component style-439 style-local-142-c25 position-relative h-element\">\n                  <!---->\n                  <!---->\n                  <div class=\"\">\n                    <p>Izvrsna prometna povezanost morem, zrakom i cestom olak\u0161at \u0107e va\u0161 dolazak. Tako\u0111er postoji redovita autobusna linija za Zadar i Zagreb.<\/p>\n                  <\/div>\n                <\/div>\n              <\/div>\n            <\/div>\n          <\/div>\n        <\/div>\n      <\/div>\n    <\/div>\n  <\/div>\n  <div data-colibri-component=\"section\" data-colibri-id=\"142-c26\" id=\"reusable-sections\" class=\"h-section h-section-global-spacing d-flex align-items-lg-center align-items-md-center align-items-center style-1696 style-local-142-c26 position-relative\">\n    <div class=\"background-wrapper\">\n      <div class=\"background-layer background-layer-media-container-lg\">\n        <div data-enabled=\"true\" data-colibri-component=\"parallax\" class=\"background-layer paraxify\" model-id=\"142-c26\" media=\"desktop\" is-preview=\"true\" style=\"background-image: url(&quot;https:\/\/www.barbara-apartmaji.com\/wp-content\/uploads\/2025\/09\/apartmaji_aerial.jpg&quot;);\"><\/div>\n        <div class=\"overlay-layer\">\n          <div class=\"overlay-image-layer\" style=\"background-color: rgb(230, 230, 230); opacity: 0.5;\"><\/div>\n        <\/div>\n      <\/div>\n      <div class=\"background-layer background-layer-media-container-md\">\n        <!---->\n        <div class=\"overlay-layer\">\n          <div class=\"overlay-image-layer\" style=\"background-color: rgb(230, 230, 230); opacity: 0.5;\"><\/div>\n        <\/div>\n      <\/div>\n      <div class=\"background-layer background-layer-media-container\">\n        <!---->\n        <div class=\"overlay-layer\">\n          <div class=\"overlay-image-layer\" style=\"background-color: rgb(230, 230, 230); opacity: 0.5;\"><\/div>\n        <\/div>\n      <\/div>\n    <\/div>\n    <!---->\n    <div class=\"h-section-grid-container h-section-boxed-container\">\n      <!---->\n      <div data-colibri-id=\"142-c27\" class=\"h-row-container gutters-row-lg-0 gutters-row-md-0 gutters-row-0 gutters-row-v-lg-0 gutters-row-v-md-0 gutters-row-v-0 style-1697 style-local-142-c27 position-relative\">\n        <!---->\n        <div class=\"h-row justify-content-lg-center justify-content-md-center justify-content-center align-items-lg-stretch align-items-md-stretch align-items-stretch gutters-col-lg-0 gutters-col-md-0 gutters-col-0 gutters-col-v-lg-0 gutters-col-v-md-0 gutters-col-v-0\">\n          <!---->\n          <div class=\"h-column h-column-container d-flex h-col-lg-auto h-col-md-auto h-col-auto style-1698-outer style-local-142-c28-outer\">\n            <div data-colibri-id=\"142-c28\" class=\"d-flex h-flex-basis h-column__inner h-px-lg-0 h-px-md-0 h-px-0 v-inner-lg-0 v-inner-md-0 v-inner-0 style-1698 style-local-142-c28 position-relative\">\n              <!---->\n              <!---->\n              <div class=\"w-100 h-y-container h-column__content h-column__v-align flex-basis-100 align-self-lg-start align-self-md-start align-self-start\">\n                <!---->\n                <div data-colibri-id=\"142-c29\" class=\"h-global-transition-all h-heading style-1699 style-local-142-c29 position-relative h-element\">\n                  <!---->\n                  <div class=\"h-heading__outer style-1699 style-local-142-c29\">\n                    <!---->\n                    <!---->\n                    <h2 class=\"\">Va\u0161 savr\u0161en odmor po\u010dinje ovdje.<\/h2>\n                  <\/div>\n                <\/div>\n                <div data-colibri-id=\"142-c30\" class=\"h-icon style-1700 style-local-142-c30 position-relative h-element\">\n                  <!----><span class=\"h-svg-icon h-icon__icon style-1700-icon style-local-142-c30-icon\"><!--Icon by Font Awesome (https:\/\/fontawesome.com)-->\n    <svg version=\"1.1\" xmlns=\"http:\/\/www.w3.org\/2000\/svg\" xmlns:xlink=\"http:\/\/www.w3.org\/1999\/xlink\" id=\"paper-plane\" viewbox=\"0 0 1792.0013 1896.0833\">\n      <path d=\"M1764 11q33 24 27 64l-256 1536q-5 29-32 45-14 8-31 8-11 0-24-5l-453-185-242 295q-18 23-49 23-13 0-22-4-19-7-30.5-23.5T640 1728v-349l864-1059-1069 925-395-162q-37-14-40-55-2-40 32-59L1696 9q15-9 32-9 20 0 36 11z\"><\/path>\n    <\/svg><\/span><\/div>\n                <div data-colibri-id=\"142-c31\" class=\"h-text h-text-component style-1701 style-local-142-c31 position-relative h-element\">\n                  <!---->\n                  <!---->\n                  <div class=\"\">\n                    <p>Obi\u0161\u010dite otok Vir na Hrva\u0161kem in raziskujte njegove pla\u017ee, naravo in dalmatinski utrip. Za spro\u0161\u010dene po\u010ditnice si oglejte na\u0161e Barbara apartmaje v neposredni bli\u017eini pla\u017ee Jadro.<\/p>\n                  <\/div>\n                <\/div>\n              <\/div>\n            <\/div>\n          <\/div>\n          <div class=\"h-column h-column-container d-flex h-col-lg-auto h-col-md-auto h-col-auto style-1702-outer style-local-142-c32-outer\">\n            <div data-colibri-id=\"142-c32\" class=\"d-flex h-flex-basis h-column__inner h-px-lg-0 h-px-md-0 h-px-0 v-inner-lg-0 v-inner-md-0 v-inner-0 style-1702 style-local-142-c32 position-relative\">\n              <!---->\n              <!---->\n              <div class=\"w-100 h-y-container h-column__content h-column__v-align flex-basis-100 align-self-lg-start align-self-md-start align-self-start\">\n                <!---->\n                <div data-colibri-id=\"142-c33\" class=\"h-x-container style-1703 style-local-142-c33 position-relative h-element\">\n                  <!---->\n                  <div class=\"h-x-container-inner style-dynamic-142-c33-group style-1703-spacing style-local-142-c33-spacing\"><span class=\"h-button__outer style-1704-outer style-local-142-c34-outer d-inline-flex h-element\"><a h-use-smooth-scroll=\"true\" href=\"https:\/\/www.barbara-apartmaji.com\/hr\/apartmaji\/\"  data-colibri-id=\"142-c34\" class=\"d-flex w-100 align-items-center h-button justify-content-lg-center justify-content-md-center justify-content-center style-1704 style-local-142-c34 position-relative\"><!----><!----> <span>Pogledajte na\u0161e apartmane<\/span><\/a>\n                    <\/span>\n                  <\/div>\n                <\/div>\n              <\/div>\n            <\/div>\n          <\/div>\n        <\/div>\n      <\/div>\n    <\/div>\n  <\/div>\n<\/div>","protected":false},"excerpt":{"rendered":"<p>O otoku&nbsp;Viru Otok Vir je eden od 300 otokov Zadarskega arhipelaga oziroma eden od 1186 otokov hrva\u0161kega Jadrana. Od Zadra je oddaljen 26 km, obala otoka je zelo raznolika z manj\u0161imi zaliv\u010dki, rti in divjimi kamnitimi pla\u017eami, kar ponuja nepozabne poglede na Jadransko morje. \u0160tevilne pla\u017ee na otoku imajo raznovrstno ponudbo, kar privla\u010di \u0161tevilne turiste. [&hellip;]<\/p>","protected":false},"author":1,"featured_media":0,"parent":0,"menu_order":0,"comment_status":"closed","ping_status":"closed","template":"page-templates\/full-width-page.php","meta":{"footnotes":""},"class_list":["post-142","page","type-page","status-publish","hentry"],"_links":{"self":[{"href":"https:\/\/www.barbara-apartmaji.com\/hr\/wp-json\/wp\/v2\/pages\/142","targetHints":{"allow":["GET"]}}],"collection":[{"href":"https:\/\/www.barbara-apartmaji.com\/hr\/wp-json\/wp\/v2\/pages"}],"about":[{"href":"https:\/\/www.barbara-apartmaji.com\/hr\/wp-json\/wp\/v2\/types\/page"}],"author":[{"embeddable":true,"href":"https:\/\/www.barbara-apartmaji.com\/hr\/wp-json\/wp\/v2\/users\/1"}],"replies":[{"embeddable":true,"href":"https:\/\/www.barbara-apartmaji.com\/hr\/wp-json\/wp\/v2\/comments?post=142"}],"version-history":[{"count":0,"href":"https:\/\/www.barbara-apartmaji.com\/hr\/wp-json\/wp\/v2\/pages\/142\/revisions"}],"wp:attachment":[{"href":"https:\/\/www.barbara-apartmaji.com\/hr\/wp-json\/wp\/v2\/media?parent=142"}],"curies":[{"name":"wp","href":"https:\/\/api.w.org\/{rel}","templated":true}]}}